{"id":14,"date":"2020-10-05T13:14:05","date_gmt":"2020-10-05T10:14:05","guid":{"rendered":"http:\/\/kemser.fi\/?page_id=14"},"modified":"2020-10-05T13:27:52","modified_gmt":"2020-10-05T10:27:52","slug":"home","status":"publish","type":"page","link":"https:\/\/kemser.fi\/en\/","title":{"rendered":"Home"},"content":{"rendered":"<div class=\"col-md-10\">\n<h3>About Kemser<\/h3>\n<p>Kemser Oy Ltd. was established by a group of Paper chemical professionals. Our knowledge is based on strong competence in problem solving, chemistry and customer service.<\/p>\n<p>Kemser develops, produces and delivers chemicals, chemistry related products and solutions to the process industry and to other chemical consuming industries.<\/p>\n<p>To our Partners we offer better efficiency in process handling by combining our expertise in chemical knowledge and processes. We can offer individual solutions and products according to customer needs.<\/p>\n<p>Typical cases are all types of water related industrial processes and processes where the control of deposits and impurities is essential.<\/p>\n<p>As a modern and privately owned enterprise we are a flexible and reliable partner and can offer the best solutions with a competitive price.<\/p>\n<p>Kemser Oy Ltd.<\/p>\n<\/div>","protected":false},"excerpt":{"rendered":"<p>Kemserist\u00e4 Kemserin perustajina on ryhm\u00e4 ammattilaisia, joilla on kaikilla vankka kokemus paperiteollisuudesta ja paperi- ja sellukemikaaleista. Olemme hyv\u00e4n asiakaspalvelun, ongelmanratkaisun ja kemian asiantuntijoita. Kemser kehitt\u00e4\u00e4, valmistaa ja toimittaa kemian alaan liittyvi\u00e4 tuotteita sek\u00e4 ratkaisuja prosessiteollisuudelle sek\u00e4 muille kemikaaleja k\u00e4ytt\u00e4ville yhti\u00f6ille ja laitoksille. Tarjoamme asiakkaillemme yksikk\u00f6prosessien tehostamista yhdist\u00e4m\u00e4ll\u00e4 kemian osaamisemme ja [&hellip;]<\/p>","protected":false},"author":1,"featured_media":45,"parent":0,"menu_order":0,"comment_status":"closed","ping_status":"closed","template":"","meta":{"_exactmetrics_skip_tracking":false,"_exactmetrics_sitenote_active":false,"_exactmetrics_sitenote_note":"","_exactmetrics_sitenote_category":0,"footnotes":""},"class_list":["post-14","page","type-page","status-publish","has-post-thumbnail","hentry"],"_links":{"self":[{"href":"https:\/\/kemser.fi\/en\/wp-json\/wp\/v2\/pages\/14","targetHints":{"allow":["GET"]}}],"collection":[{"href":"https:\/\/kemser.fi\/en\/wp-json\/wp\/v2\/pages"}],"about":[{"href":"https:\/\/kemser.fi\/en\/wp-json\/wp\/v2\/types\/page"}],"author":[{"embeddable":true,"href":"https:\/\/kemser.fi\/en\/wp-json\/wp\/v2\/users\/1"}],"replies":[{"embeddable":true,"href":"https:\/\/kemser.fi\/en\/wp-json\/wp\/v2\/comments?post=14"}],"version-history":[{"count":6,"href":"https:\/\/kemser.fi\/en\/wp-json\/wp\/v2\/pages\/14\/revisions"}],"predecessor-version":[{"id":34,"href":"https:\/\/kemser.fi\/en\/wp-json\/wp\/v2\/pages\/14\/revisions\/34"}],"wp:featuredmedia":[{"embeddable":true,"href":"https:\/\/kemser.fi\/en\/wp-json\/wp\/v2\/media\/45"}],"wp:attachment":[{"href":"https:\/\/kemser.fi\/en\/wp-json\/wp\/v2\/media?parent=14"}],"curies":[{"name":"wp","href":"https:\/\/api.w.org\/{rel}","templated":true}]}}